{"id":49,"date":"2021-10-25T18:08:32","date_gmt":"2021-10-25T18:08:32","guid":{"rendered":"https:\/\/zaidimai.in\/parduotuve\/?post_type=product&#038;p=49"},"modified":"2022-01-09T13:29:28","modified_gmt":"2022-01-09T13:29:28","slug":"zaidimu-konsole-su-1700-zaidimu","status":"publish","type":"product","link":"https:\/\/zaidimai.in\/parduotuve\/product\/zaidimu-konsole-su-1700-zaidimu\/","title":{"rendered":"\u017daidim\u0173 konsol\u0117 su 1700 \u017eaidim\u0173"},"content":{"rendered":"<p>&nbsp;<\/p>\n<div class=\"moze-justify\">Naujausias 2021 met\u0173 8Bit \u017eaidim\u0173 konsol\u0117s modelis su dviem belaid\u017eiais pulteliais.\u00a0Atnaujinta konsol\u0117s <b>V2.0 PLUS<\/b> versija leid\u017eia <b>i\u0161saugoti esam\u0105 \u017eaidimo progres\u0105, tad visada gal\u0117site prad\u0117ti \u017eaidim\u0105 nuo ten kur baig\u0117te \u017eaidim\u0105 + galimyb\u0117 i\u0161trinti ne\u017eaid\u017eiamus \u017eaidimus<\/b>.\u00a0\u017daidim\u0173 konsol\u0117 kompakti\u0161ka, tad galite \u012fsid\u0117ti \u012f kuprin\u0119, ve\u017etis \u012f kelion\u0119 ar ne\u0161tis pas draugus ir \u017eaisti klasikinius \u017eaidimus kartu. Inovatyvi <b>&#8220;Plug and Play&#8221;<\/b> sistema &#8211; prijunk ir \u017eaisk, nereikia atlikti joki\u0173 papildom\u0173 nustatym\u0173 ar veiksm\u0173 prie\u0161 \u017eaid\u017eiant.\u00a0Klasikiniai vaikyst\u0117s \u017eaidimai tavo HD ar 4K televizoriaus ekrane! Tai atnaujintas ir gerokai suma\u017eintas vaikyst\u0117s laik\u0173 \u017eaidim\u0173 kompiuteris, ta\u010diau \u017eaidim\u0173 grafika i\u0161likusi tokia pati, kad prisimintum\u0117te kokius \u017eaidimus \u017eaid\u0117te vaikyst\u0117je ir u\u017epl\u016bst\u0173 malon\u016bs prisiminimai. Konsol\u0117je jau yra apie <b>1780 nemokam\u0173 8bit<\/b> vaikyst\u0117s \u017eaidim\u0173. \u017daidim\u0173 konsol\u0117 tinka visiems televizoriams kurie turi HDMI ir USB jungtis. Pati konsol\u0117 pajungiama \u012f televizoriaus HDMI lizd\u0105 per komplekte esant\u012f HDMI kabel\u012f, kad paduot\u0173 vaizd\u0105 ir \u012f televizoriaus USB lizd\u0105 komplekte esan\u010diu USB kabeliu, kad gaut\u0173 maitinimo srov\u0119 kai televizorius \u012fsijungia.\u00a0<b><\/b><\/div>\n<p><b>SPECIFIKACIJA:<\/b><\/p>\n<ul>\n<li>Modelio versija V2.0 PLUS<\/li>\n<li>Palaiko 8Bit \u017eaidimus.<\/li>\n<li>\u017daidim\u0173 kiekis apie: 1780<\/li>\n<li>Galima i\u0161saugoti nueit\u0105 kambar\u012f.<\/li>\n<li>Galimyb\u0117 i\u0161trinti \u017eaidimus.<\/li>\n<li>Belaid\u017eiai pulteliai.<\/li>\n<li>Spalva: Juoda\/Pilka<\/li>\n<li>Med\u017eiaga: ABS plastikas<\/li>\n<li>Pakuot\u0117s matmenys: 16x10x6 cm<\/li>\n<li>Kompiuterio matmenys: ~6&#215;2,5&#215;1 cm<\/li>\n<li>Pultelio matmenys: ~12,5x5x1,5 cm<\/li>\n<\/ul>\n<div><\/div>\n<p><b>KOMPLEKTACIJA:<\/b><\/p>\n<div>\n<ul>\n<li>Belaid\u017eiai \u017eaidim\u0173 pulteliai 2 vienetai.<\/li>\n<li>HDMI klasikini\u0173 \u017eaidim\u0173 kompiuteris.<\/li>\n<li>Mikro USB kabelis.<\/li>\n<li>HDMI pajungimo kabelis.<\/li>\n<\/ul>\n<\/div>\n<p><img decoding=\"async\" class=\"img-responsive\" src=\"https:\/\/ae01.alicdn.com\/kf\/Hf1c21f63bd7748119d20886c964935a1H.jpg\" \/><img decoding=\"async\" class=\"img-responsive\" src=\"https:\/\/ae01.alicdn.com\/kf\/H4ec1b4c9cf4d4d9f9486a1b84e15f0d1Y.jpg\" \/><img decoding=\"async\" class=\"img-responsive\" src=\"https:\/\/ae01.alicdn.com\/kf\/H289d3e3ee8074e3cb0132f51cd7762abG.jpg\" \/><img decoding=\"async\" class=\"img-responsive\" src=\"https:\/\/ae01.alicdn.com\/kf\/H96cd3361fb1244b78ea13874efe9a716o.jpg\" \/><img decoding=\"async\" class=\"img-responsive\" src=\"https:\/\/ae01.alicdn.com\/kf\/H33ac46dabd5f43cd9585e725701f0b44G.jpg\" \/><img decoding=\"async\" class=\"img-responsive\" src=\"https:\/\/ae01.alicdn.com\/kf\/H838f5a12b7434f608a646a800980b3f9i.jpg\" \/><img decoding=\"async\" class=\"img-responsive\" src=\"https:\/\/ae01.alicdn.com\/kf\/H580593bbd29f454699880230c020dad5G.jpg\" \/><img decoding=\"async\" class=\"img-responsive\" src=\"https:\/\/ae01.alicdn.com\/kf\/Ha6e672caca22457fb26da6aa1383e6691.jpg\" \/><img decoding=\"async\" class=\"img-responsive\" src=\"https:\/\/ae01.alicdn.com\/kf\/H1269c9329cfd45dbaee42c95cee0026eM.jpg\" \/><img decoding=\"async\" class=\"img-responsive\" src=\"https:\/\/ae01.alicdn.com\/kf\/H21409c1395284eeb98b4045ab01dbf67m.jpg\" \/><img decoding=\"async\" class=\"img-responsive\" src=\"https:\/\/ae01.alicdn.com\/kf\/H4e162e5db1b84b96b5d1a095fb063228J.jpg\" \/><img decoding=\"async\" class=\"img-responsive\" src=\"https:\/\/ae01.alicdn.com\/kf\/H0cfdeafa8d444d0bb26e98525492389eG.jpg\" \/><\/p>\n","protected":false},"excerpt":{"rendered":"<p><span class=\"moze-large\"><b>Greitas pristatymas\u00a0 1- 3 d.d.<\/b><\/span><\/p>\n","protected":false},"featured_media":50,"comment_status":"open","ping_status":"closed","template":"","meta":[],"product_brand":[],"product_cat":[19],"product_tag":[],"class_list":{"0":"post-49","1":"product","2":"type-product","3":"status-publish","4":"has-post-thumbnail","6":"product_cat-konsoles","7":"pa_color-gray","8":"pa_ships-from-czech-republic","10":"first","11":"instock","12":"sale","13":"shipping-taxable","14":"purchasable","15":"product-type-simple"},"_links":{"self":[{"href":"https:\/\/zaidimai.in\/parduotuve\/wp-json\/wp\/v2\/product\/49","targetHints":{"allow":["GET"]}}],"collection":[{"href":"https:\/\/zaidimai.in\/parduotuve\/wp-json\/wp\/v2\/product"}],"about":[{"href":"https:\/\/zaidimai.in\/parduotuve\/wp-json\/wp\/v2\/types\/product"}],"replies":[{"embeddable":true,"href":"https:\/\/zaidimai.in\/parduotuve\/wp-json\/wp\/v2\/comments?post=49"}],"wp:featuredmedia":[{"embeddable":true,"href":"https:\/\/zaidimai.in\/parduotuve\/wp-json\/wp\/v2\/media\/50"}],"wp:attachment":[{"href":"https:\/\/zaidimai.in\/parduotuve\/wp-json\/wp\/v2\/media?parent=49"}],"wp:term":[{"taxonomy":"product_brand","embeddable":true,"href":"https:\/\/zaidimai.in\/parduotuve\/wp-json\/wp\/v2\/product_brand?post=49"},{"taxonomy":"product_cat","embeddable":true,"href":"https:\/\/zaidimai.in\/parduotuve\/wp-json\/wp\/v2\/product_cat?post=49"},{"taxonomy":"product_tag","embeddable":true,"href":"https:\/\/zaidimai.in\/parduotuve\/wp-json\/wp\/v2\/product_tag?post=49"}],"curies":[{"name":"wp","href":"https:\/\/api.w.org\/{rel}","templated":true}]}}