{"id":82,"date":"2021-10-25T19:08:43","date_gmt":"2021-10-25T19:08:43","guid":{"rendered":"https:\/\/zaidimai.in\/parduotuve\/?post_type=product&#038;p=82"},"modified":"2022-01-09T13:30:01","modified_gmt":"2022-01-09T13:30:01","slug":"rankine-retro-zaidimu-konsole","status":"publish","type":"product","link":"https:\/\/zaidimai.in\/parduotuve\/product\/rankine-retro-zaidimu-konsole\/","title":{"rendered":"Rankin\u0117 retro \u017eaidim\u0173 konsol\u0117 su 10000 \u017eaidim\u0173"},"content":{"rendered":"<p>Specifikacijos:<\/p>\n<p>Pavadinimas: Retro rankin\u0117 \u017eaidim\u0173 konsol\u0117<br \/>\nEkrano dydis: apie 4,3 colio HD ekranas<br \/>\nIntegruot\u0173 \u017eaidim\u0173 skai\u010dius: 10 000<br \/>\nEkrano rai\u0161ka: 1024*600<br \/>\n\u012emontuota baterija: 2000 mAh<br \/>\nPagrindinis valdymas: 2279 pagrindinio valdymo arkados versija<br \/>\nMaitinimas: 5V\/1A<br \/>\nGarsiakalbis: \u012fmontuoti du garsiakalbiai (palaiko i\u0161orinius garsiakalbius)<br \/>\nTF kortel\u0117s i\u0161pl\u0117timas iki: 128 GB (maksimalus)<br \/>\n\u017daidimo ypatyb\u0117s: palaiko klasikinius \u017eaidimus, tokius kaip NES, GBA, MD, SFC, MAME, FD, GB, SFD, PS1, N64, CF ir kt.<br \/>\nVaizdo ir garso s\u0105saja: 3,5 mm<br \/>\nSpalva: raudona<\/p>\n<p>\u012e pakuot\u0119 \u012feina:<\/p>\n<p>1* \u017daidim\u0173 konsol\u0117<br \/>\n1* Instrukcija<br \/>\n1* \u012ekrovimo laidas<\/p>\n<p><img decoding=\"async\" class=\"img-responsive\" src=\"https:\/\/ae01.alicdn.com\/kf\/H4399d5e7eb9444d98ec33a455a100b96Z.jpg\" \/><img decoding=\"async\" class=\"img-responsive\" src=\"https:\/\/ae01.alicdn.com\/kf\/H77cf1303079c45a89d0d79b934f3f19a0.jpg\" \/><img decoding=\"async\" class=\"img-responsive\" src=\"https:\/\/ae01.alicdn.com\/kf\/H23d19e002014452399636e91ae41690a9.jpg\" \/><img decoding=\"async\" class=\"img-responsive\" src=\"https:\/\/ae01.alicdn.com\/kf\/H634a2f03fc424179b9dfefa5ece193b3K.jpg\" \/><img decoding=\"async\" class=\"img-responsive\" src=\"https:\/\/ae01.alicdn.com\/kf\/Hd525f76cff3449488a491d6102134951z.jpg\" \/><img decoding=\"async\" class=\"img-responsive\" src=\"https:\/\/ae01.alicdn.com\/kf\/H544cca34e2cf4fc4a45afc690c62eefaQ.jpg\" \/><img decoding=\"async\" class=\"img-responsive\" src=\"https:\/\/ae01.alicdn.com\/kf\/H271fea4ff5854a0a8cb1f5de230cc9a3l.jpg\" \/><img decoding=\"async\" class=\"img-responsive\" src=\"https:\/\/ae01.alicdn.com\/kf\/H88091a11086d4381aa5f743230a9423cF.jpg\" \/><img decoding=\"async\" class=\"img-responsive\" src=\"https:\/\/ae01.alicdn.com\/kf\/H0bc4afc4ea8740e2be271020f7a46276O.jpg\" \/><img decoding=\"async\" class=\"img-responsive\" src=\"https:\/\/ae01.alicdn.com\/kf\/H321823ef878e4b1fb9e8d2cf545da461l.jpg\" \/><img decoding=\"async\" class=\"img-responsive\" src=\"https:\/\/ae01.alicdn.com\/kf\/Hd0a36d899e3544d2954b0bdeea51cb94T.jpg\" \/><img decoding=\"async\" class=\"img-responsive\" src=\"https:\/\/ae01.alicdn.com\/kf\/Hcaeff27db064444a860b8ae38396ca9bN.jpg\" \/><\/p>\n","protected":false},"excerpt":{"rendered":"<p><b>Pristatymas\u00a0 6- 20 d.d.<\/b><\/p>\n","protected":false},"featured_media":83,"comment_status":"open","ping_status":"closed","template":"","meta":[],"product_brand":[],"product_cat":[19],"product_tag":[],"class_list":{"0":"post-82","1":"product","2":"type-product","3":"status-publish","4":"has-post-thumbnail","6":"product_cat-konsoles","7":"pa_color-raudona","8":"pa_ships-from-czech-republic","10":"first","11":"instock","12":"sale","13":"shipping-taxable","14":"purchasable","15":"product-type-simple"},"_links":{"self":[{"href":"https:\/\/zaidimai.in\/parduotuve\/wp-json\/wp\/v2\/product\/82","targetHints":{"allow":["GET"]}}],"collection":[{"href":"https:\/\/zaidimai.in\/parduotuve\/wp-json\/wp\/v2\/product"}],"about":[{"href":"https:\/\/zaidimai.in\/parduotuve\/wp-json\/wp\/v2\/types\/product"}],"replies":[{"embeddable":true,"href":"https:\/\/zaidimai.in\/parduotuve\/wp-json\/wp\/v2\/comments?post=82"}],"wp:featuredmedia":[{"embeddable":true,"href":"https:\/\/zaidimai.in\/parduotuve\/wp-json\/wp\/v2\/media\/83"}],"wp:attachment":[{"href":"https:\/\/zaidimai.in\/parduotuve\/wp-json\/wp\/v2\/media?parent=82"}],"wp:term":[{"taxonomy":"product_brand","embeddable":true,"href":"https:\/\/zaidimai.in\/parduotuve\/wp-json\/wp\/v2\/product_brand?post=82"},{"taxonomy":"product_cat","embeddable":true,"href":"https:\/\/zaidimai.in\/parduotuve\/wp-json\/wp\/v2\/product_cat?post=82"},{"taxonomy":"product_tag","embeddable":true,"href":"https:\/\/zaidimai.in\/parduotuve\/wp-json\/wp\/v2\/product_tag?post=82"}],"curies":[{"name":"wp","href":"https:\/\/api.w.org\/{rel}","templated":true}]}}