{"id":97,"date":"2021-10-25T19:30:48","date_gmt":"2021-10-25T19:30:48","guid":{"rendered":"https:\/\/zaidimai.in\/parduotuve\/?post_type=product&#038;p=97"},"modified":"2022-01-09T13:29:51","modified_gmt":"2022-01-09T13:29:51","slug":"rankine-zaidimu-konsole","status":"publish","type":"product","link":"https:\/\/zaidimai.in\/parduotuve\/product\/rankine-zaidimu-konsole\/","title":{"rendered":"Multifunkcin\u0117 \u017eaidim\u0173 konsol\u0117 su 5000 \u017eaidim\u0173"},"content":{"rendered":"<p>Apra\u0161ymas:<\/p>\n<p>1. Matmenys apie 11,8 * 5,5 * 1,5 cm , 1200 mAh didel\u0117 talpa leid\u017eia \u017eaisti bet kada ir bet kur, nesvarbu, ar esate namuose, ar keliaujate. Integruotas garsiakalbis suteikia \u012fdomi\u0173 garso efekt\u0173, 3,5 mm ausini\u0173 lizd\u0105 ir garsumo valdym\u0105, matin\u012f apvalkal\u0105, pagerina jausm\u0105 ir labai pagerina j\u016bs\u0173 \u017eaidim\u0173 patirt\u012f.<br \/>\n2. \u017daidim\u0173 konsol\u0117je yra daugyb\u0117 klasikini\u0173 \u017eaidim\u0173, tod\u0117l galite \u017eaisti vis\u0105 dien\u0105. Daugyb\u0117 \u017eaidim\u0173 r\u016b\u0161i\u0173, toki\u0173 kaip: veiksmo, sporto, galvos\u016bki\u0173, kov\u0173 ir lenktyni\u0173. Geriausi klasikiniai \u017eaidimai yra \u0161ioje \u017eaidim\u0173 konsol\u0117je, kuri daugeliui \u017emoni\u0173 kelia nostalgij\u0105. \u0160ie \u017eaidimai yra sud\u0117tingi, patraukl\u016bs ir \u012fdom\u016bs.<br \/>\n3. Didel\u0117s rai\u0161kos ekranas: 2,4 colio LCD ekranas suteikia tikrovi\u0161kesn\u012f \u017eaidimo vaizd\u0105; atsparus \u012fbr\u0117\u017eimams ir kritimui.<br \/>\n4. Daugiafunkcin\u0117 \u017eaidim\u0173 konsol\u0117: \u012fmontuota daugiau nei 5000 tikr\u0173 ir unikali\u0173 \u017eaidim\u0173, palaikymas PS\/CPS\/NEOGEO\/forGBA\/NES\/forSFC\/MD \u017eaidimams, el. knyg\u0173 skaitytuvas, kalendorius, laiko rodymas ir LRC ekranas, puslapi\u0173 k\u016brimo \u012frenginys ir kt.<br \/>\n5. Ne\u0161iojamas ir ilgas baterijos tarnavimo laikas: \u012fmontuota \u012fkraunama li\u010dio baterija, komplektuojamas su USB laidu. Jis yra ma\u017eas ir lengvas, j\u012f lengva ne\u0161iotis, kad j\u016bs ir j\u016bs\u0173 draugai gal\u0117t\u0173 smagiai \u017eaisti \u017eaidimus. Tai ideali dovana vaikams ir suaugusiems gimtadieni\u0173 ar kitomis progomis.<\/p>\n<p>Specifikacijos:<br \/>\nEkranas: 2,4 colio<br \/>\n\u017daidimas: tinkamas PS\/CPS\/NEOGEO\/forGBA\/NES\/forSFC\/MD ir kitiems simuliatoriams<br \/>\nPagrindinis valdymas: CPU ARM9<br \/>\nGarsas: \u012fmontuotas garsiakalbis<br \/>\nTF korteli\u0173 atminties \u017eaidimai: 64G\/5000 \u017eaidim\u0173<br \/>\n\u012evesties galia: 5V\/1A<br \/>\nMaksimalus energijos suvartojimas: 1W\/H<br \/>\nBaterijos veikimo laikas: 4 valandos<br \/>\n\u012ekrovimo laikas: 2,5 valandos<br \/>\nC tipo \u012fkrovimas: palaikymas<br \/>\nAusin\u0117s: standartin\u0117s 3,5 mm<br \/>\nProdukto grynasis svoris: apie 0,08 kg<br \/>\nProdukto dydis: apie 1,8*5,5*1,5<br \/>\nSpalva: raudona, oran\u017ein\u0117<\/p>\n<p>\u012e pakuot\u0119 \u012feina:<br \/>\n\u017daidim\u0173 konsol\u0117*1<br \/>\n\u012ekroviklis*1<br \/>\nInstrukcija*1<\/p>\n<p><img decoding=\"async\" class=\"img-responsive\" src=\"https:\/\/ae01.alicdn.com\/kf\/H9799d7a2dfa24dc88b142a00e254f4ebS.jpg\" \/><img decoding=\"async\" class=\"img-responsive\" src=\"https:\/\/ae01.alicdn.com\/kf\/H8505a68ab6eb446bb52982174dee250a8.jpg\" \/><img decoding=\"async\" class=\"img-responsive\" src=\"https:\/\/ae01.alicdn.com\/kf\/H590905ad48c54393beb9233eaf06c6f8n.jpg\" \/><img decoding=\"async\" class=\"img-responsive\" src=\"https:\/\/ae01.alicdn.com\/kf\/Ha82644fc8e7346449127078d28add018I.jpg\" \/><img decoding=\"async\" class=\"img-responsive\" src=\"https:\/\/ae01.alicdn.com\/kf\/Hb1dfbf7ee2b44df7acf83c8a386b60f0D.jpg\" \/><img decoding=\"async\" class=\"img-responsive\" src=\"https:\/\/ae01.alicdn.com\/kf\/H38b2ab219b9e409a88e50fc5f7ced4cer.jpg\" \/><img decoding=\"async\" class=\"img-responsive\" src=\"https:\/\/ae01.alicdn.com\/kf\/H22405c080a334b9596ebeb31c6ef9cdd0.jpg\" \/><img decoding=\"async\" class=\"img-responsive\" src=\"https:\/\/ae01.alicdn.com\/kf\/H211460e1ee3746cb97677f55fb25bbb9X.jpg\" \/><img decoding=\"async\" class=\"img-responsive\" src=\"https:\/\/ae01.alicdn.com\/kf\/H85411fe8fde6450da96fdd347924037cs.jpg\" \/><img decoding=\"async\" class=\"img-responsive\" src=\"https:\/\/ae01.alicdn.com\/kf\/Hfadcf65507ae4cb884cfa34f9feb8c5fD.jpg\" \/><img decoding=\"async\" class=\"img-responsive\" src=\"https:\/\/ae01.alicdn.com\/kf\/H60fbac1eaf2544f99a250046aca4dd82z.jpg\" \/><img decoding=\"async\" class=\"img-responsive\" src=\"https:\/\/ae01.alicdn.com\/kf\/Ha6947cfae9b24c0da14e96546373aa33f.jpg\" \/><img decoding=\"async\" class=\"img-responsive\" src=\"https:\/\/ae01.alicdn.com\/kf\/Hdfcbffcb2a7d403c922788c5e7ecfe0c2.jpg\" \/><\/p>\n","protected":false},"excerpt":{"rendered":"<p><b>Pristatymas\u00a0 6- 20 d.d.<\/b><\/p>\n","protected":false},"featured_media":98,"comment_status":"open","ping_status":"closed","template":"","meta":[],"product_brand":[],"product_cat":[19],"product_tag":[],"class_list":{"0":"post-97","1":"product","2":"type-product","3":"status-publish","4":"has-post-thumbnail","6":"product_cat-konsoles","7":"pa_color-oranzine-64g","8":"pa_color-raudona-64g","10":"first","11":"instock","12":"sale","13":"shipping-taxable","14":"purchasable","15":"product-type-variable"},"_links":{"self":[{"href":"https:\/\/zaidimai.in\/parduotuve\/wp-json\/wp\/v2\/product\/97","targetHints":{"allow":["GET"]}}],"collection":[{"href":"https:\/\/zaidimai.in\/parduotuve\/wp-json\/wp\/v2\/product"}],"about":[{"href":"https:\/\/zaidimai.in\/parduotuve\/wp-json\/wp\/v2\/types\/product"}],"replies":[{"embeddable":true,"href":"https:\/\/zaidimai.in\/parduotuve\/wp-json\/wp\/v2\/comments?post=97"}],"wp:featuredmedia":[{"embeddable":true,"href":"https:\/\/zaidimai.in\/parduotuve\/wp-json\/wp\/v2\/media\/98"}],"wp:attachment":[{"href":"https:\/\/zaidimai.in\/parduotuve\/wp-json\/wp\/v2\/media?parent=97"}],"wp:term":[{"taxonomy":"product_brand","embeddable":true,"href":"https:\/\/zaidimai.in\/parduotuve\/wp-json\/wp\/v2\/product_brand?post=97"},{"taxonomy":"product_cat","embeddable":true,"href":"https:\/\/zaidimai.in\/parduotuve\/wp-json\/wp\/v2\/product_cat?post=97"},{"taxonomy":"product_tag","embeddable":true,"href":"https:\/\/zaidimai.in\/parduotuve\/wp-json\/wp\/v2\/product_tag?post=97"}],"curies":[{"name":"wp","href":"https:\/\/api.w.org\/{rel}","templated":true}]}}